{"id":29,"date":"2020-12-18T13:49:57","date_gmt":"2020-12-18T12:49:57","guid":{"rendered":"http:\/\/nicejazzorchestra.fr\/?page_id=29"},"modified":"2021-01-25T15:25:03","modified_gmt":"2021-01-25T14:25:03","slug":"direction","status":"publish","type":"page","link":"https:\/\/nicejazzorchestra.fr\/?page_id=29","title":{"rendered":"Direction"},"content":{"rendered":"\t\t<div data-elementor-type=\"wp-post\" data-elementor-id=\"29\" class=\"elementor elementor-29\">\n\t\t\t\t\t\t<section class=\"elementor-section elementor-top-section elementor-element elementor-element-d77f463 elementor-section-boxed elementor-section-height-default elementor-section-height-default\" data-id=\"d77f463\" data-element_type=\"section\" data-e-type=\"section\">\n\t\t\t\t\t\t<div class=\"elementor-container elementor-column-gap-default\">\n\t\t\t\t\t<div class=\"elementor-column elementor-col-100 elementor-top-column elementor-element elementor-element-89b33d1\" data-id=\"89b33d1\" data-element_type=\"column\" data-e-type=\"column\">\n\t\t\t<div class=\"elementor-widget-wrap elementor-element-populated\">\n\t\t\t\t\t\t<div class=\"elementor-element elementor-element-36195fa elementor-widget elementor-widget-heading\" data-id=\"36195fa\" data-element_type=\"widget\" data-e-type=\"widget\" data-widget_type=\"heading.default\">\n\t\t\t\t<div class=\"elementor-widget-container\">\n\t\t\t\t\t<h3 class=\"elementor-heading-title elementor-size-default\">La Direction du NJO<\/h3>\t\t\t\t<\/div>\n\t\t\t\t<\/div>\n\t\t\t\t<div class=\"elementor-element elementor-element-6bad0a6 elementor-widget elementor-widget-text-editor\" data-id=\"6bad0a6\" data-element_type=\"widget\" data-e-type=\"widget\" data-widget_type=\"text-editor.default\">\n\t\t\t\t<div class=\"elementor-widget-container\">\n\t\t\t\t\t\t\t\t\t<p>5 membres et 5 musiciens \u00e9m\u00e9rites !<\/p>\t\t\t\t\t\t\t\t<\/div>\n\t\t\t\t<\/div>\n\t\t\t\t\t<\/div>\n\t\t<\/div>\n\t\t\t\t\t<\/div>\n\t\t<\/section>\n\t\t\t\t<section class=\"elementor-section elementor-top-section elementor-element elementor-element-e277b63 elementor-section-boxed elementor-section-height-default elementor-section-height-default\" data-id=\"e277b63\" data-element_type=\"section\" data-e-type=\"section\">\n\t\t\t\t\t\t<div class=\"elementor-container elementor-column-gap-default\">\n\t\t\t\t\t<div class=\"elementor-column elementor-col-33 elementor-top-column elementor-element elementor-element-93a7f89\" data-id=\"93a7f89\" data-element_type=\"column\" data-e-type=\"column\">\n\t\t\t<div class=\"elementor-widget-wrap elementor-element-populated\">\n\t\t\t\t\t\t<div class=\"elementor-element elementor-element-ecf1b47 elementor-widget elementor-widget-image\" data-id=\"ecf1b47\" data-element_type=\"widget\" data-e-type=\"widget\" data-widget_type=\"image.default\">\n\t\t\t\t<div class=\"elementor-widget-container\">\n\t\t\t\t\t\t\t\t\t\t\t\t\t\t\t<img decoding=\"async\" width=\"150\" height=\"150\" src=\"https:\/\/nicejazzorchestra.fr\/wp-content\/uploads\/2021\/01\/ac-square-150x150.png\" class=\"attachment-thumbnail size-thumbnail wp-image-4627\" alt=\"\" srcset=\"https:\/\/nicejazzorchestra.fr\/wp-content\/uploads\/2021\/01\/ac-square-150x150.png 150w, https:\/\/nicejazzorchestra.fr\/wp-content\/uploads\/2021\/01\/ac-square-300x300.png 300w, https:\/\/nicejazzorchestra.fr\/wp-content\/uploads\/2021\/01\/ac-square-1024x1024.png 1024w, https:\/\/nicejazzorchestra.fr\/wp-content\/uploads\/2021\/01\/ac-square-768x768.png 768w, https:\/\/nicejazzorchestra.fr\/wp-content\/uploads\/2021\/01\/ac-square-830x830.png 830w, https:\/\/nicejazzorchestra.fr\/wp-content\/uploads\/2021\/01\/ac-square-230x230.png 230w, https:\/\/nicejazzorchestra.fr\/wp-content\/uploads\/2021\/01\/ac-square-350x350.png 350w, https:\/\/nicejazzorchestra.fr\/wp-content\/uploads\/2021\/01\/ac-square-480x480.png 480w, https:\/\/nicejazzorchestra.fr\/wp-content\/uploads\/2021\/01\/ac-square-560x560.png 560w, https:\/\/nicejazzorchestra.fr\/wp-content\/uploads\/2021\/01\/ac-square.png 1102w\" sizes=\"(max-width: 150px) 100vw, 150px\" \/>\t\t\t\t\t\t\t\t\t\t\t\t\t\t\t<\/div>\n\t\t\t\t<\/div>\n\t\t\t\t<div class=\"elementor-element elementor-element-4d0ddd8 elementor-widget elementor-widget-heading\" data-id=\"4d0ddd8\" data-element_type=\"widget\" data-e-type=\"widget\" data-widget_type=\"heading.default\">\n\t\t\t\t<div class=\"elementor-widget-container\">\n\t\t\t\t\t<h5 class=\"elementor-heading-title elementor-size-default\">Andr\u00e9 CECCARELLI<\/h5>\t\t\t\t<\/div>\n\t\t\t\t<\/div>\n\t\t\t\t\t<\/div>\n\t\t<\/div>\n\t\t\t\t<div class=\"elementor-column elementor-col-66 elementor-top-column elementor-element elementor-element-43bdb46\" data-id=\"43bdb46\" data-element_type=\"column\" data-e-type=\"column\">\n\t\t\t<div class=\"elementor-widget-wrap elementor-element-populated\">\n\t\t\t\t\t\t<div class=\"elementor-element elementor-element-6098d39 elementor-widget elementor-widget-text-editor\" data-id=\"6098d39\" data-element_type=\"widget\" data-e-type=\"widget\" data-widget_type=\"text-editor.default\">\n\t\t\t\t<div class=\"elementor-widget-container\">\n\t\t\t\t\t\t\t\t\t<p>Pr\u00e9sident d\u2019Honneur Andr\u00e9 Ceccarelli est consid\u00e9r\u00e9 comme l\u2019un des meilleurs batteurs fran\u00e7ais de notre \u00e9poque. Il est n\u00e9 \u00e0 Nice en 1946, mais s\u2019est rendu \u00e0 Paris d\u00e8s l\u2019\u00e2ge de quatorze ans [..]<\/p>\t\t\t\t\t\t\t\t<\/div>\n\t\t\t\t<\/div>\n\t\t\t\t<div class=\"elementor-element elementor-element-f59f27e elementor-align-center elementor-widget elementor-widget-button\" data-id=\"f59f27e\" data-element_type=\"widget\" data-e-type=\"widget\" data-widget_type=\"button.default\">\n\t\t\t\t<div class=\"elementor-widget-container\">\n\t\t\t\t\t\t\t\t\t<div class=\"elementor-button-wrapper\">\n\t\t\t\t\t<a class=\"elementor-button elementor-button-link elementor-size-sm\" href=\"https:\/\/nicejazzorchestra.fr\/?page_id=122\">\n\t\t\t\t\t\t<span class=\"elementor-button-content-wrapper\">\n\t\t\t\t\t\t\t\t\t<span class=\"elementor-button-text\">En savoir plus<\/span>\n\t\t\t\t\t<\/span>\n\t\t\t\t\t<\/a>\n\t\t\t\t<\/div>\n\t\t\t\t\t\t\t\t<\/div>\n\t\t\t\t<\/div>\n\t\t\t\t\t<\/div>\n\t\t<\/div>\n\t\t\t\t\t<\/div>\n\t\t<\/section>\n\t\t\t\t<section class=\"elementor-section elementor-top-section elementor-element elementor-element-1f401ef elementor-section-boxed elementor-section-height-default elementor-section-height-default\" data-id=\"1f401ef\" data-element_type=\"section\" data-e-type=\"section\">\n\t\t\t\t\t\t<div class=\"elementor-container elementor-column-gap-default\">\n\t\t\t\t\t<div class=\"elementor-column elementor-col-33 elementor-top-column elementor-element elementor-element-51fc6ac\" data-id=\"51fc6ac\" data-element_type=\"column\" data-e-type=\"column\">\n\t\t\t<div class=\"elementor-widget-wrap elementor-element-populated\">\n\t\t\t\t\t\t<div class=\"elementor-element elementor-element-1e839ca elementor-widget elementor-widget-image\" data-id=\"1e839ca\" data-element_type=\"widget\" data-e-type=\"widget\" data-widget_type=\"image.default\">\n\t\t\t\t<div class=\"elementor-widget-container\">\n\t\t\t\t\t\t\t\t\t\t\t\t\t\t\t<img decoding=\"async\" width=\"150\" height=\"150\" src=\"https:\/\/nicejazzorchestra.fr\/wp-content\/uploads\/2021\/01\/pb-square-150x150.png\" class=\"attachment-thumbnail size-thumbnail wp-image-4629\" alt=\"\" srcset=\"https:\/\/nicejazzorchestra.fr\/wp-content\/uploads\/2021\/01\/pb-square-150x150.png 150w, https:\/\/nicejazzorchestra.fr\/wp-content\/uploads\/2021\/01\/pb-square-300x300.png 300w, https:\/\/nicejazzorchestra.fr\/wp-content\/uploads\/2021\/01\/pb-square-1024x1024.png 1024w, https:\/\/nicejazzorchestra.fr\/wp-content\/uploads\/2021\/01\/pb-square-768x768.png 768w, https:\/\/nicejazzorchestra.fr\/wp-content\/uploads\/2021\/01\/pb-square-830x830.png 830w, https:\/\/nicejazzorchestra.fr\/wp-content\/uploads\/2021\/01\/pb-square-230x230.png 230w, https:\/\/nicejazzorchestra.fr\/wp-content\/uploads\/2021\/01\/pb-square-350x350.png 350w, https:\/\/nicejazzorchestra.fr\/wp-content\/uploads\/2021\/01\/pb-square-480x480.png 480w, https:\/\/nicejazzorchestra.fr\/wp-content\/uploads\/2021\/01\/pb-square-560x560.png 560w, https:\/\/nicejazzorchestra.fr\/wp-content\/uploads\/2021\/01\/pb-square.png 1102w\" sizes=\"(max-width: 150px) 100vw, 150px\" \/>\t\t\t\t\t\t\t\t\t\t\t\t\t\t\t<\/div>\n\t\t\t\t<\/div>\n\t\t\t\t<div class=\"elementor-element elementor-element-e55edd5 elementor-widget elementor-widget-heading\" data-id=\"e55edd5\" data-element_type=\"widget\" data-e-type=\"widget\" data-widget_type=\"heading.default\">\n\t\t\t\t<div class=\"elementor-widget-container\">\n\t\t\t\t\t<h5 class=\"elementor-heading-title elementor-size-default\">Pierre BERTRAND<\/h5>\t\t\t\t<\/div>\n\t\t\t\t<\/div>\n\t\t\t\t\t<\/div>\n\t\t<\/div>\n\t\t\t\t<div class=\"elementor-column elementor-col-66 elementor-top-column elementor-element elementor-element-e94fec2\" data-id=\"e94fec2\" data-element_type=\"column\" data-e-type=\"column\">\n\t\t\t<div class=\"elementor-widget-wrap elementor-element-populated\">\n\t\t\t\t\t\t<div class=\"elementor-element elementor-element-584dc6a elementor-widget elementor-widget-text-editor\" data-id=\"584dc6a\" data-element_type=\"widget\" data-e-type=\"widget\" data-widget_type=\"text-editor.default\">\n\t\t\t\t<div class=\"elementor-widget-container\">\n\t\t\t\t\t\t\t\t\t<p>Direction d\u2019orchestre, direction artistique, arrangements, saxophones Saxophoniste, fl\u00fbtiste, professeur de renom, mais aussi compositeur, chef d\u2019orchestre, arrangeur, auteur de musiques de films, ou fondateur de Big Band : Pierre Bertrand d\u00e9roule un CV impressionnant [..]<\/p>\t\t\t\t\t\t\t\t<\/div>\n\t\t\t\t<\/div>\n\t\t\t\t<div class=\"elementor-element elementor-element-66d00ee elementor-align-center elementor-widget elementor-widget-button\" data-id=\"66d00ee\" data-element_type=\"widget\" data-e-type=\"widget\" data-widget_type=\"button.default\">\n\t\t\t\t<div class=\"elementor-widget-container\">\n\t\t\t\t\t\t\t\t\t<div class=\"elementor-button-wrapper\">\n\t\t\t\t\t<a class=\"elementor-button elementor-button-link elementor-size-sm\" href=\"https:\/\/nicejazzorchestra.fr\/?page_id=139\">\n\t\t\t\t\t\t<span class=\"elementor-button-content-wrapper\">\n\t\t\t\t\t\t\t\t\t<span class=\"elementor-button-text\">En savoir plus<\/span>\n\t\t\t\t\t<\/span>\n\t\t\t\t\t<\/a>\n\t\t\t\t<\/div>\n\t\t\t\t\t\t\t\t<\/div>\n\t\t\t\t<\/div>\n\t\t\t\t\t<\/div>\n\t\t<\/div>\n\t\t\t\t\t<\/div>\n\t\t<\/section>\n\t\t\t\t<section class=\"elementor-section elementor-top-section elementor-element elementor-element-14b2167 elementor-section-boxed elementor-section-height-default elementor-section-height-default\" data-id=\"14b2167\" data-element_type=\"section\" data-e-type=\"section\">\n\t\t\t\t\t\t<div class=\"elementor-container elementor-column-gap-default\">\n\t\t\t\t\t<div class=\"elementor-column elementor-col-33 elementor-top-column elementor-element elementor-element-3e138ab\" data-id=\"3e138ab\" data-element_type=\"column\" data-e-type=\"column\">\n\t\t\t<div class=\"elementor-widget-wrap elementor-element-populated\">\n\t\t\t\t\t\t<div class=\"elementor-element elementor-element-0cf4764 elementor-widget elementor-widget-image\" data-id=\"0cf4764\" data-element_type=\"widget\" data-e-type=\"widget\" data-widget_type=\"image.default\">\n\t\t\t\t<div class=\"elementor-widget-container\">\n\t\t\t\t\t\t\t\t\t\t\t\t\t\t\t<img decoding=\"async\" width=\"150\" height=\"150\" src=\"https:\/\/nicejazzorchestra.fr\/wp-content\/uploads\/2021\/01\/cp-square-150x150.png\" class=\"attachment-thumbnail size-thumbnail wp-image-4628\" alt=\"\" srcset=\"https:\/\/nicejazzorchestra.fr\/wp-content\/uploads\/2021\/01\/cp-square-150x150.png 150w, https:\/\/nicejazzorchestra.fr\/wp-content\/uploads\/2021\/01\/cp-square-300x300.png 300w, https:\/\/nicejazzorchestra.fr\/wp-content\/uploads\/2021\/01\/cp-square-1024x1024.png 1024w, https:\/\/nicejazzorchestra.fr\/wp-content\/uploads\/2021\/01\/cp-square-768x768.png 768w, https:\/\/nicejazzorchestra.fr\/wp-content\/uploads\/2021\/01\/cp-square-830x830.png 830w, https:\/\/nicejazzorchestra.fr\/wp-content\/uploads\/2021\/01\/cp-square-230x230.png 230w, https:\/\/nicejazzorchestra.fr\/wp-content\/uploads\/2021\/01\/cp-square-350x350.png 350w, https:\/\/nicejazzorchestra.fr\/wp-content\/uploads\/2021\/01\/cp-square-480x480.png 480w, https:\/\/nicejazzorchestra.fr\/wp-content\/uploads\/2021\/01\/cp-square-560x560.png 560w, https:\/\/nicejazzorchestra.fr\/wp-content\/uploads\/2021\/01\/cp-square.png 1102w\" sizes=\"(max-width: 150px) 100vw, 150px\" \/>\t\t\t\t\t\t\t\t\t\t\t\t\t\t\t<\/div>\n\t\t\t\t<\/div>\n\t\t\t\t<div class=\"elementor-element elementor-element-d0b9b5c elementor-widget elementor-widget-heading\" data-id=\"d0b9b5c\" data-element_type=\"widget\" data-e-type=\"widget\" data-widget_type=\"heading.default\">\n\t\t\t\t<div class=\"elementor-widget-container\">\n\t\t\t\t\t<h5 class=\"elementor-heading-title elementor-size-default\">Christian PACHIAUDI<\/h5>\t\t\t\t<\/div>\n\t\t\t\t<\/div>\n\t\t\t\t\t<\/div>\n\t\t<\/div>\n\t\t\t\t<div class=\"elementor-column elementor-col-66 elementor-top-column elementor-element elementor-element-df1ed20\" data-id=\"df1ed20\" data-element_type=\"column\" data-e-type=\"column\">\n\t\t\t<div class=\"elementor-widget-wrap elementor-element-populated\">\n\t\t\t\t\t\t<div class=\"elementor-element elementor-element-1f5b5c2 elementor-widget elementor-widget-text-editor\" data-id=\"1f5b5c2\" data-element_type=\"widget\" data-e-type=\"widget\" data-widget_type=\"text-editor.default\">\n\t\t\t\t<div class=\"elementor-widget-container\">\n\t\t\t\t\t\t\t\t\t<p>Direction artistique, contrebasse et guitare basse Bassiste, contrebassiste, n\u00e9 le 11 juillet 1958 \u00e0 Nice, Christian entre comme \u00e9l\u00e8ve au CNR de Nice en 1976. Il \u00e9tudie la contrebasse dans la classe de Mr Andr\u00e9 Marillier, et participe aux petites formations jazz [..]<\/p>\t\t\t\t\t\t\t\t<\/div>\n\t\t\t\t<\/div>\n\t\t\t\t<div class=\"elementor-element elementor-element-8c9431b elementor-align-center elementor-widget elementor-widget-button\" data-id=\"8c9431b\" data-element_type=\"widget\" data-e-type=\"widget\" data-widget_type=\"button.default\">\n\t\t\t\t<div class=\"elementor-widget-container\">\n\t\t\t\t\t\t\t\t\t<div class=\"elementor-button-wrapper\">\n\t\t\t\t\t<a class=\"elementor-button elementor-button-link elementor-size-sm\" href=\"https:\/\/nicejazzorchestra.fr\/?page_id=142\">\n\t\t\t\t\t\t<span class=\"elementor-button-content-wrapper\">\n\t\t\t\t\t\t\t\t\t<span class=\"elementor-button-text\">En savoir plus<\/span>\n\t\t\t\t\t<\/span>\n\t\t\t\t\t<\/a>\n\t\t\t\t<\/div>\n\t\t\t\t\t\t\t\t<\/div>\n\t\t\t\t<\/div>\n\t\t\t\t\t<\/div>\n\t\t<\/div>\n\t\t\t\t\t<\/div>\n\t\t<\/section>\n\t\t\t\t<section class=\"elementor-section elementor-top-section elementor-element elementor-element-aeded66 elementor-section-boxed elementor-section-height-default elementor-section-height-default\" data-id=\"aeded66\" data-element_type=\"section\" data-e-type=\"section\">\n\t\t\t\t\t\t<div class=\"elementor-container elementor-column-gap-default\">\n\t\t\t\t\t<div class=\"elementor-column elementor-col-33 elementor-top-column elementor-element elementor-element-8f4a734\" data-id=\"8f4a734\" data-element_type=\"column\" data-e-type=\"column\">\n\t\t\t<div class=\"elementor-widget-wrap elementor-element-populated\">\n\t\t\t\t\t\t<div class=\"elementor-element elementor-element-1087fe6 elementor-widget elementor-widget-image\" data-id=\"1087fe6\" data-element_type=\"widget\" data-e-type=\"widget\" data-widget_type=\"image.default\">\n\t\t\t\t<div class=\"elementor-widget-container\">\n\t\t\t\t\t\t\t\t\t\t\t\t\t\t\t<img loading=\"lazy\" decoding=\"async\" width=\"150\" height=\"150\" src=\"https:\/\/nicejazzorchestra.fr\/wp-content\/uploads\/2021\/01\/aa-square-150x150.png\" class=\"attachment-thumbnail size-thumbnail wp-image-4626\" alt=\"\" srcset=\"https:\/\/nicejazzorchestra.fr\/wp-content\/uploads\/2021\/01\/aa-square-150x150.png 150w, https:\/\/nicejazzorchestra.fr\/wp-content\/uploads\/2021\/01\/aa-square-300x300.png 300w, https:\/\/nicejazzorchestra.fr\/wp-content\/uploads\/2021\/01\/aa-square-1024x1024.png 1024w, https:\/\/nicejazzorchestra.fr\/wp-content\/uploads\/2021\/01\/aa-square-768x768.png 768w, https:\/\/nicejazzorchestra.fr\/wp-content\/uploads\/2021\/01\/aa-square-830x830.png 830w, https:\/\/nicejazzorchestra.fr\/wp-content\/uploads\/2021\/01\/aa-square-230x230.png 230w, https:\/\/nicejazzorchestra.fr\/wp-content\/uploads\/2021\/01\/aa-square-350x350.png 350w, https:\/\/nicejazzorchestra.fr\/wp-content\/uploads\/2021\/01\/aa-square-480x480.png 480w, https:\/\/nicejazzorchestra.fr\/wp-content\/uploads\/2021\/01\/aa-square-560x560.png 560w, https:\/\/nicejazzorchestra.fr\/wp-content\/uploads\/2021\/01\/aa-square.png 1102w\" sizes=\"(max-width: 150px) 100vw, 150px\" \/>\t\t\t\t\t\t\t\t\t\t\t\t\t\t\t<\/div>\n\t\t\t\t<\/div>\n\t\t\t\t<div class=\"elementor-element elementor-element-c61cb2b elementor-widget elementor-widget-heading\" data-id=\"c61cb2b\" data-element_type=\"widget\" data-e-type=\"widget\" data-widget_type=\"heading.default\">\n\t\t\t\t<div class=\"elementor-widget-container\">\n\t\t\t\t\t<h5 class=\"elementor-heading-title elementor-size-default\">Alain ASPLANATO<\/h5>\t\t\t\t<\/div>\n\t\t\t\t<\/div>\n\t\t\t\t\t<\/div>\n\t\t<\/div>\n\t\t\t\t<div class=\"elementor-column elementor-col-66 elementor-top-column elementor-element elementor-element-75e9a14\" data-id=\"75e9a14\" data-element_type=\"column\" data-e-type=\"column\">\n\t\t\t<div class=\"elementor-widget-wrap elementor-element-populated\">\n\t\t\t\t\t\t<div class=\"elementor-element elementor-element-b12b4c0 elementor-widget elementor-widget-text-editor\" data-id=\"b12b4c0\" data-element_type=\"widget\" data-e-type=\"widget\" data-widget_type=\"text-editor.default\">\n\t\t\t\t<div class=\"elementor-widget-container\">\n\t\t\t\t\t\t\t\t\t<p>Direction artistique, batterie Musicien, batteur, n\u00e9 le 6 Septembre 1958 \u00e0 Nice, il entre au Conservatoire de Nice en 1976 dans la classe de percussions classiques de monsieur Carr\u00e9 et suit le cursus de 1976 \u00e0 1980 [..]<\/p>\t\t\t\t\t\t\t\t<\/div>\n\t\t\t\t<\/div>\n\t\t\t\t<div class=\"elementor-element elementor-element-d781bc6 elementor-align-center elementor-widget elementor-widget-button\" data-id=\"d781bc6\" data-element_type=\"widget\" data-e-type=\"widget\" data-widget_type=\"button.default\">\n\t\t\t\t<div class=\"elementor-widget-container\">\n\t\t\t\t\t\t\t\t\t<div class=\"elementor-button-wrapper\">\n\t\t\t\t\t<a class=\"elementor-button elementor-button-link elementor-size-sm\" href=\"https:\/\/nicejazzorchestra.fr\/?page_id=144\">\n\t\t\t\t\t\t<span class=\"elementor-button-content-wrapper\">\n\t\t\t\t\t\t\t\t\t<span class=\"elementor-button-text\">En savoir plus<\/span>\n\t\t\t\t\t<\/span>\n\t\t\t\t\t<\/a>\n\t\t\t\t<\/div>\n\t\t\t\t\t\t\t\t<\/div>\n\t\t\t\t<\/div>\n\t\t\t\t\t<\/div>\n\t\t<\/div>\n\t\t\t\t\t<\/div>\n\t\t<\/section>\n\t\t\t\t<section class=\"elementor-section elementor-top-section elementor-element elementor-element-8301d60 elementor-section-boxed elementor-section-height-default elementor-section-height-default\" data-id=\"8301d60\" data-element_type=\"section\" data-e-type=\"section\">\n\t\t\t\t\t\t<div class=\"elementor-container elementor-column-gap-default\">\n\t\t\t\t\t<div class=\"elementor-column elementor-col-33 elementor-top-column elementor-element elementor-element-9235f44\" data-id=\"9235f44\" data-element_type=\"column\" data-e-type=\"column\">\n\t\t\t<div class=\"elementor-widget-wrap elementor-element-populated\">\n\t\t\t\t\t\t<div class=\"elementor-element elementor-element-85d38b2 elementor-widget elementor-widget-image\" data-id=\"85d38b2\" data-element_type=\"widget\" data-e-type=\"widget\" data-widget_type=\"image.default\">\n\t\t\t\t<div class=\"elementor-widget-container\">\n\t\t\t\t\t\t\t\t\t\t\t\t\t\t\t<img loading=\"lazy\" decoding=\"async\" width=\"150\" height=\"150\" src=\"https:\/\/nicejazzorchestra.fr\/wp-content\/uploads\/2021\/01\/pbl-square-150x150.png\" class=\"attachment-thumbnail size-thumbnail wp-image-4630\" alt=\"\" srcset=\"https:\/\/nicejazzorchestra.fr\/wp-content\/uploads\/2021\/01\/pbl-square-150x150.png 150w, https:\/\/nicejazzorchestra.fr\/wp-content\/uploads\/2021\/01\/pbl-square-300x300.png 300w, https:\/\/nicejazzorchestra.fr\/wp-content\/uploads\/2021\/01\/pbl-square-1024x1024.png 1024w, https:\/\/nicejazzorchestra.fr\/wp-content\/uploads\/2021\/01\/pbl-square-768x768.png 768w, https:\/\/nicejazzorchestra.fr\/wp-content\/uploads\/2021\/01\/pbl-square-830x830.png 830w, https:\/\/nicejazzorchestra.fr\/wp-content\/uploads\/2021\/01\/pbl-square-230x230.png 230w, https:\/\/nicejazzorchestra.fr\/wp-content\/uploads\/2021\/01\/pbl-square-350x350.png 350w, https:\/\/nicejazzorchestra.fr\/wp-content\/uploads\/2021\/01\/pbl-square-480x480.png 480w, https:\/\/nicejazzorchestra.fr\/wp-content\/uploads\/2021\/01\/pbl-square-560x560.png 560w, https:\/\/nicejazzorchestra.fr\/wp-content\/uploads\/2021\/01\/pbl-square.png 1102w\" sizes=\"(max-width: 150px) 100vw, 150px\" \/>\t\t\t\t\t\t\t\t\t\t\t\t\t\t\t<\/div>\n\t\t\t\t<\/div>\n\t\t\t\t<div class=\"elementor-element elementor-element-2bc5547 elementor-widget elementor-widget-heading\" data-id=\"2bc5547\" data-element_type=\"widget\" data-e-type=\"widget\" data-widget_type=\"heading.default\">\n\t\t\t\t<div class=\"elementor-widget-container\">\n\t\t\t\t\t<h5 class=\"elementor-heading-title elementor-size-default\">Philippe BLEUEZ<\/h5>\t\t\t\t<\/div>\n\t\t\t\t<\/div>\n\t\t\t\t\t<\/div>\n\t\t<\/div>\n\t\t\t\t<div class=\"elementor-column elementor-col-66 elementor-top-column elementor-element elementor-element-4970f7c\" data-id=\"4970f7c\" data-element_type=\"column\" data-e-type=\"column\">\n\t\t\t<div class=\"elementor-widget-wrap elementor-element-populated\">\n\t\t\t\t\t\t<div class=\"elementor-element elementor-element-0a17acd elementor-widget elementor-widget-text-editor\" data-id=\"0a17acd\" data-element_type=\"widget\" data-e-type=\"widget\" data-widget_type=\"text-editor.default\">\n\t\t\t\t<div class=\"elementor-widget-container\">\n\t\t\t\t\t\t\t\t\t<p>Pr\u00e9sident du NJO, Trompette et bugle Trompettiste, n\u00e9 le 19 Mai 1973 \u00e0 Cannes, Philippe commence la trompette au Conservatoire de Cannes en 1980. Apr\u00e8s avoir obtenu un 1er prix de trompette, puis un 1er prix de piano, il int\u00e8gre ensuite le Conservatoire de Nice, puis de Paris. Il obtient entretemps le Dipl\u00f4me d\u2019Etat de [..]<\/p>\t\t\t\t\t\t\t\t<\/div>\n\t\t\t\t<\/div>\n\t\t\t\t<div class=\"elementor-element elementor-element-b29f2ba elementor-align-center elementor-widget elementor-widget-button\" data-id=\"b29f2ba\" data-element_type=\"widget\" data-e-type=\"widget\" data-widget_type=\"button.default\">\n\t\t\t\t<div class=\"elementor-widget-container\">\n\t\t\t\t\t\t\t\t\t<div class=\"elementor-button-wrapper\">\n\t\t\t\t\t<a class=\"elementor-button elementor-button-link elementor-size-sm\" href=\"https:\/\/nicejazzorchestra.fr\/?page_id=146(ouvre%20un%20nouvel%20onglet)\">\n\t\t\t\t\t\t<span class=\"elementor-button-content-wrapper\">\n\t\t\t\t\t\t\t\t\t<span class=\"elementor-button-text\">En savoir plus<\/span>\n\t\t\t\t\t<\/span>\n\t\t\t\t\t<\/a>\n\t\t\t\t<\/div>\n\t\t\t\t\t\t\t\t<\/div>\n\t\t\t\t<\/div>\n\t\t\t\t\t<\/div>\n\t\t<\/div>\n\t\t\t\t\t<\/div>\n\t\t<\/section>\n\t\t\t\t<\/div>\n\t\t","protected":false},"excerpt":{"rendered":"<p>La Direction du NJO 5 membres et 5 musiciens \u00e9m\u00e9rites ! Andr\u00e9 CECCARELLI Pr\u00e9sident d\u2019Honneur Andr\u00e9 Ceccarelli est consid\u00e9r\u00e9 comme l\u2019un des [&hellip;]<\/p>\n","protected":false},"author":2,"featured_media":0,"parent":0,"menu_order":0,"comment_status":"closed","ping_status":"closed","template":"elementor_header_footer","meta":{"footnotes":""},"class_list":["post-29","page","type-page","status-publish","hentry"],"_links":{"self":[{"href":"https:\/\/nicejazzorchestra.fr\/index.php?rest_route=\/wp\/v2\/pages\/29","targetHints":{"allow":["GET"]}}],"collection":[{"href":"https:\/\/nicejazzorchestra.fr\/index.php?rest_route=\/wp\/v2\/pages"}],"about":[{"href":"https:\/\/nicejazzorchestra.fr\/index.php?rest_route=\/wp\/v2\/types\/page"}],"author":[{"embeddable":true,"href":"https:\/\/nicejazzorchestra.fr\/index.php?rest_route=\/wp\/v2\/users\/2"}],"replies":[{"embeddable":true,"href":"https:\/\/nicejazzorchestra.fr\/index.php?rest_route=%2Fwp%2Fv2%2Fcomments&post=29"}],"version-history":[{"count":19,"href":"https:\/\/nicejazzorchestra.fr\/index.php?rest_route=\/wp\/v2\/pages\/29\/revisions"}],"predecessor-version":[{"id":6120,"href":"https:\/\/nicejazzorchestra.fr\/index.php?rest_route=\/wp\/v2\/pages\/29\/revisions\/6120"}],"wp:attachment":[{"href":"https:\/\/nicejazzorchestra.fr\/index.php?rest_route=%2Fwp%2Fv2%2Fmedia&parent=29"}],"curies":[{"name":"wp","href":"https:\/\/api.w.org\/{rel}","templated":true}]}}