{"id":144,"date":"2020-12-18T18:31:08","date_gmt":"2020-12-18T17:31:08","guid":{"rendered":"http:\/\/nicejazzorchestra.fr\/?page_id=144"},"modified":"2021-01-25T14:58:43","modified_gmt":"2021-01-25T13:58:43","slug":"alain-asplanato","status":"publish","type":"page","link":"https:\/\/nicejazzorchestra.fr\/?page_id=144","title":{"rendered":"Alain ASPLANATO"},"content":{"rendered":"\t\t<div data-elementor-type=\"wp-page\" data-elementor-id=\"144\" class=\"elementor elementor-144\">\n\t\t\t\t\t\t<section class=\"elementor-section elementor-top-section elementor-element elementor-element-3b89a1d3 elementor-section-boxed elementor-section-height-default elementor-section-height-default\" data-id=\"3b89a1d3\" data-element_type=\"section\" data-e-type=\"section\">\n\t\t\t\t\t\t<div class=\"elementor-container elementor-column-gap-default\">\n\t\t\t\t\t<div class=\"elementor-column elementor-col-100 elementor-top-column elementor-element elementor-element-14d269be\" data-id=\"14d269be\" data-element_type=\"column\" data-e-type=\"column\">\n\t\t\t<div class=\"elementor-widget-wrap elementor-element-populated\">\n\t\t\t\t\t\t<div class=\"elementor-element elementor-element-6f444538 elementor-widget elementor-widget-heading\" data-id=\"6f444538\" data-element_type=\"widget\" data-e-type=\"widget\" data-widget_type=\"heading.default\">\n\t\t\t\t<div class=\"elementor-widget-container\">\n\t\t\t\t\t<h5 class=\"elementor-heading-title elementor-size-default\">Alain ASPLANATO<\/h5>\t\t\t\t<\/div>\n\t\t\t\t<\/div>\n\t\t\t\t<div class=\"elementor-element elementor-element-1a5de820 elementor-widget elementor-widget-heading\" data-id=\"1a5de820\" data-element_type=\"widget\" data-e-type=\"widget\" data-widget_type=\"heading.default\">\n\t\t\t\t<div class=\"elementor-widget-container\">\n\t\t\t\t\t<h5 class=\"elementor-heading-title elementor-size-default\">Direction artistique, batterie<\/h5>\t\t\t\t<\/div>\n\t\t\t\t<\/div>\n\t\t\t\t\t<\/div>\n\t\t<\/div>\n\t\t\t\t\t<\/div>\n\t\t<\/section>\n\t\t\t\t<section class=\"elementor-section elementor-top-section elementor-element elementor-element-24f229d0 elementor-section-boxed elementor-section-height-default elementor-section-height-default\" data-id=\"24f229d0\" data-element_type=\"section\" data-e-type=\"section\">\n\t\t\t\t\t\t<div class=\"elementor-container elementor-column-gap-default\">\n\t\t\t\t\t<div class=\"elementor-column elementor-col-100 elementor-top-column elementor-element elementor-element-4ad0a4f8\" data-id=\"4ad0a4f8\" data-element_type=\"column\" data-e-type=\"column\">\n\t\t\t<div class=\"elementor-widget-wrap elementor-element-populated\">\n\t\t\t\t\t\t<div class=\"elementor-element elementor-element-4dd149 elementor-widget elementor-widget-image\" data-id=\"4dd149\" data-element_type=\"widget\" data-e-type=\"widget\" data-widget_type=\"image.default\">\n\t\t\t\t<div class=\"elementor-widget-container\">\n\t\t\t\t\t\t\t\t\t\t\t\t\t\t\t<img fetchpriority=\"high\" decoding=\"async\" width=\"300\" height=\"300\" src=\"https:\/\/nicejazzorchestra.fr\/wp-content\/uploads\/2020\/12\/Alain-Asplanato-1-300x300.jpg\" class=\"attachment-medium size-medium wp-image-88\" alt=\"\" srcset=\"https:\/\/nicejazzorchestra.fr\/wp-content\/uploads\/2020\/12\/Alain-Asplanato-1-300x300.jpg 300w, https:\/\/nicejazzorchestra.fr\/wp-content\/uploads\/2020\/12\/Alain-Asplanato-1-1024x1024.jpg 1024w, https:\/\/nicejazzorchestra.fr\/wp-content\/uploads\/2020\/12\/Alain-Asplanato-1-150x150.jpg 150w, https:\/\/nicejazzorchestra.fr\/wp-content\/uploads\/2020\/12\/Alain-Asplanato-1-768x768.jpg 768w, https:\/\/nicejazzorchestra.fr\/wp-content\/uploads\/2020\/12\/Alain-Asplanato-1-830x830.jpg 830w, https:\/\/nicejazzorchestra.fr\/wp-content\/uploads\/2020\/12\/Alain-Asplanato-1-230x230.jpg 230w, https:\/\/nicejazzorchestra.fr\/wp-content\/uploads\/2020\/12\/Alain-Asplanato-1-350x350.jpg 350w, https:\/\/nicejazzorchestra.fr\/wp-content\/uploads\/2020\/12\/Alain-Asplanato-1-480x480.jpg 480w, https:\/\/nicejazzorchestra.fr\/wp-content\/uploads\/2020\/12\/Alain-Asplanato-1-560x560.jpg 560w, https:\/\/nicejazzorchestra.fr\/wp-content\/uploads\/2020\/12\/Alain-Asplanato-1.jpg 1181w\" sizes=\"(max-width: 300px) 100vw, 300px\" \/>\t\t\t\t\t\t\t\t\t\t\t\t\t\t\t<\/div>\n\t\t\t\t<\/div>\n\t\t\t\t\t<\/div>\n\t\t<\/div>\n\t\t\t\t\t<\/div>\n\t\t<\/section>\n\t\t\t\t<section class=\"elementor-section elementor-top-section elementor-element elementor-element-715822df elementor-section-boxed elementor-section-height-default elementor-section-height-default\" data-id=\"715822df\" data-element_type=\"section\" data-e-type=\"section\">\n\t\t\t\t\t\t<div class=\"elementor-container elementor-column-gap-default\">\n\t\t\t\t\t<div class=\"elementor-column elementor-col-100 elementor-top-column elementor-element elementor-element-529013cc\" data-id=\"529013cc\" data-element_type=\"column\" data-e-type=\"column\">\n\t\t\t<div class=\"elementor-widget-wrap elementor-element-populated\">\n\t\t\t\t\t\t<div class=\"elementor-element elementor-element-71ece12b elementor-widget elementor-widget-text-editor\" data-id=\"71ece12b\" data-element_type=\"widget\" data-e-type=\"widget\" data-widget_type=\"text-editor.default\">\n\t\t\t\t<div class=\"elementor-widget-container\">\n\t\t\t\t\t\t\t\t\t<div dir=\"auto\">Musicien, batteur, n\u00e9 le 6 Septembre 1958 \u00e0 Nice, il entre au Conservatoire de Nice en 1976 dans la classe de percussions classiques de monsieur Carr\u00e9 et suit le cursus de 1976 \u00e0 1980.<\/div><div dir=\"auto\">Il se dirige rapidement vers son instrument de pr\u00e9dilection, la batterie.<\/div><div dir=\"auto\">Durant les ann\u00e9es suivantes, il joue dans divers orchestres de la r\u00e9gion PACA, et rencontre la chanteuse Marcia Maria avec qui il part en tourn\u00e9e en France, Allemagne, Suisse.<\/div><div dir=\"auto\">Il monte r\u00e9guli\u00e8rement \u00e0 Paris et participe \u00e0 de nombreux concerts avec des musiciens prestigieux tel que, Babik Reinhardt (fils du grand Django), Christian Escoud\u00e9, Stephane Belmondo, Thierry Elies et bien d\u2019autres\u2026<\/div><div dir=\"auto\">En 1997, Alain part en tourn\u00e9e avec le guitariste virtuose Bir\u00e9li Lagr\u00e8ne et le bassiste Jean Marc Jafet.<\/div><div dir=\"auto\">De 2002 \u00e0 2006, il rencontre le compositeur mondialement connu Michel Legrand avec qui il va se produire dans diverses formations en trio, bigband, orchestres philharmoniques et ce, dans le monde entier, notamment en France, Belgique, Suisse,<wbr \/> Kurdistan, DOM-TOM, Russie,<wbr \/> Finlande.<\/div><div dir=\"auto\">Il enregistre \u00e9galement avec lui une musique pour le film DISCO avec l\u2019acteur Franck Dubosc.<\/div><div dir=\"auto\">Sur l\u2019ensemble de sa carri\u00e8re, Alain a enregistr\u00e9 une vingtaine d\u2019albums.<\/div><div dir=\"auto\">D\u00e8s 2008, il fonde ou participe \u00e0 de nombreux projets pour le Conseil D\u00e9partemental des Alpes Maritimes dans le cadre des Estivales avec une vingtaine de groupes \u00e0 ce jour, avec un certain succ\u00e8s.<\/div><div dir=\"auto\">C\u2019est \u00e9galement en 2008 qu\u2019il fonde avec Pierre Bertrand et Christian Pachiaudi le Nice Jazz Orchestra (NJO), qui depuis n\u2019a cess\u00e9 de faire parler de lui en invitant des vedettes internationales sur les plus belles sc\u00e8nes (pour exemples le Nice Jazz Festival, l\u2019Olympia et bien d\u2019autres\u2026)<\/div><div dir=\"auto\">Il en est le co-directeur musical et batteur.<\/div><div dir=\"auto\">Plusieurs autres projets sont en cours de r\u00e9alisation pour l\u2019ann\u00e9e 2019.<\/div>\t\t\t\t\t\t\t\t<\/div>\n\t\t\t\t<\/div>\n\t\t\t\t\t<\/div>\n\t\t<\/div>\n\t\t\t\t\t<\/div>\n\t\t<\/section>\n\t\t\t\t<\/div>\n\t\t","protected":false},"excerpt":{"rendered":"<p>Alain ASPLANATO Direction artistique, batterie Musicien, batteur, n\u00e9 le 6 Septembre 1958 \u00e0 Nice, il entre au Conservatoire de Nice en 1976 [&hellip;]<\/p>\n","protected":false},"author":2,"featured_media":0,"parent":0,"menu_order":0,"comment_status":"closed","ping_status":"closed","template":"elementor_header_footer","meta":{"footnotes":""},"class_list":["post-144","page","type-page","status-publish","hentry"],"_links":{"self":[{"href":"https:\/\/nicejazzorchestra.fr\/index.php?rest_route=\/wp\/v2\/pages\/144","targetHints":{"allow":["GET"]}}],"collection":[{"href":"https:\/\/nicejazzorchestra.fr\/index.php?rest_route=\/wp\/v2\/pages"}],"about":[{"href":"https:\/\/nicejazzorchestra.fr\/index.php?rest_route=\/wp\/v2\/types\/page"}],"author":[{"embeddable":true,"href":"https:\/\/nicejazzorchestra.fr\/index.php?rest_route=\/wp\/v2\/users\/2"}],"replies":[{"embeddable":true,"href":"https:\/\/nicejazzorchestra.fr\/index.php?rest_route=%2Fwp%2Fv2%2Fcomments&post=144"}],"version-history":[{"count":1,"href":"https:\/\/nicejazzorchestra.fr\/index.php?rest_route=\/wp\/v2\/pages\/144\/revisions"}],"predecessor-version":[{"id":6106,"href":"https:\/\/nicejazzorchestra.fr\/index.php?rest_route=\/wp\/v2\/pages\/144\/revisions\/6106"}],"wp:attachment":[{"href":"https:\/\/nicejazzorchestra.fr\/index.php?rest_route=%2Fwp%2Fv2%2Fmedia&parent=144"}],"curies":[{"name":"wp","href":"https:\/\/api.w.org\/{rel}","templated":true}]}}