{"id":142,"date":"2020-12-18T18:30:29","date_gmt":"2020-12-18T17:30:29","guid":{"rendered":"http:\/\/nicejazzorchestra.fr\/?page_id=142"},"modified":"2021-01-25T14:58:43","modified_gmt":"2021-01-25T13:58:43","slug":"christian-pachiaudi","status":"publish","type":"page","link":"https:\/\/nicejazzorchestra.fr\/?page_id=142","title":{"rendered":"Christian PACHIAUDI"},"content":{"rendered":"\t\t<div data-elementor-type=\"wp-page\" data-elementor-id=\"142\" class=\"elementor elementor-142\">\n\t\t\t\t\t\t<section class=\"elementor-section elementor-top-section elementor-element elementor-element-4919462e elementor-section-boxed elementor-section-height-default elementor-section-height-default\" data-id=\"4919462e\" data-element_type=\"section\" data-e-type=\"section\">\n\t\t\t\t\t\t<div class=\"elementor-container elementor-column-gap-default\">\n\t\t\t\t\t<div class=\"elementor-column elementor-col-100 elementor-top-column elementor-element elementor-element-5702116c\" data-id=\"5702116c\" data-element_type=\"column\" data-e-type=\"column\">\n\t\t\t<div class=\"elementor-widget-wrap elementor-element-populated\">\n\t\t\t\t\t\t<div class=\"elementor-element elementor-element-5eab912 elementor-widget elementor-widget-heading\" data-id=\"5eab912\" data-element_type=\"widget\" data-e-type=\"widget\" data-widget_type=\"heading.default\">\n\t\t\t\t<div class=\"elementor-widget-container\">\n\t\t\t\t\t<h5 class=\"elementor-heading-title elementor-size-default\">Christian PACHIAUDI<\/h5>\t\t\t\t<\/div>\n\t\t\t\t<\/div>\n\t\t\t\t<div class=\"elementor-element elementor-element-1dea78a9 elementor-widget elementor-widget-heading\" data-id=\"1dea78a9\" data-element_type=\"widget\" data-e-type=\"widget\" data-widget_type=\"heading.default\">\n\t\t\t\t<div class=\"elementor-widget-container\">\n\t\t\t\t\t<h5 class=\"elementor-heading-title elementor-size-default\">Direction artistique, contrebasse et guitare basse<\/h5>\t\t\t\t<\/div>\n\t\t\t\t<\/div>\n\t\t\t\t\t<\/div>\n\t\t<\/div>\n\t\t\t\t\t<\/div>\n\t\t<\/section>\n\t\t\t\t<section class=\"elementor-section elementor-top-section elementor-element elementor-element-43975170 elementor-section-boxed elementor-section-height-default elementor-section-height-default\" data-id=\"43975170\" data-element_type=\"section\" data-e-type=\"section\">\n\t\t\t\t\t\t<div class=\"elementor-container elementor-column-gap-default\">\n\t\t\t\t\t<div class=\"elementor-column elementor-col-100 elementor-top-column elementor-element elementor-element-12d9612d\" data-id=\"12d9612d\" data-element_type=\"column\" data-e-type=\"column\">\n\t\t\t<div class=\"elementor-widget-wrap elementor-element-populated\">\n\t\t\t\t\t\t<div class=\"elementor-element elementor-element-ee67884 elementor-widget elementor-widget-image\" data-id=\"ee67884\" data-element_type=\"widget\" data-e-type=\"widget\" data-widget_type=\"image.default\">\n\t\t\t\t<div class=\"elementor-widget-container\">\n\t\t\t\t\t\t\t\t\t\t\t\t\t\t\t<img fetchpriority=\"high\" decoding=\"async\" width=\"230\" height=\"407\" src=\"https:\/\/nicejazzorchestra.fr\/wp-content\/uploads\/2020\/12\/Photo-Bio-CHristian-230x407.jpg\" class=\"attachment-sydney-small-thumb size-sydney-small-thumb wp-image-78\" alt=\"\" srcset=\"https:\/\/nicejazzorchestra.fr\/wp-content\/uploads\/2020\/12\/Photo-Bio-CHristian-230x407.jpg 230w, https:\/\/nicejazzorchestra.fr\/wp-content\/uploads\/2020\/12\/Photo-Bio-CHristian-169x300.jpg 169w, https:\/\/nicejazzorchestra.fr\/wp-content\/uploads\/2020\/12\/Photo-Bio-CHristian-350x620.jpg 350w, https:\/\/nicejazzorchestra.fr\/wp-content\/uploads\/2020\/12\/Photo-Bio-CHristian-480x850.jpg 480w, https:\/\/nicejazzorchestra.fr\/wp-content\/uploads\/2020\/12\/Photo-Bio-CHristian.jpg 530w\" sizes=\"(max-width: 230px) 100vw, 230px\" \/>\t\t\t\t\t\t\t\t\t\t\t\t\t\t\t<\/div>\n\t\t\t\t<\/div>\n\t\t\t\t\t<\/div>\n\t\t<\/div>\n\t\t\t\t\t<\/div>\n\t\t<\/section>\n\t\t\t\t<section class=\"elementor-section elementor-top-section elementor-element elementor-element-2f070c1c elementor-section-boxed elementor-section-height-default elementor-section-height-default\" data-id=\"2f070c1c\" data-element_type=\"section\" data-e-type=\"section\">\n\t\t\t\t\t\t<div class=\"elementor-container elementor-column-gap-default\">\n\t\t\t\t\t<div class=\"elementor-column elementor-col-100 elementor-top-column elementor-element elementor-element-2a2022d4\" data-id=\"2a2022d4\" data-element_type=\"column\" data-e-type=\"column\">\n\t\t\t<div class=\"elementor-widget-wrap elementor-element-populated\">\n\t\t\t\t\t\t<div class=\"elementor-element elementor-element-76f93f9c elementor-widget elementor-widget-text-editor\" data-id=\"76f93f9c\" data-element_type=\"widget\" data-e-type=\"widget\" data-widget_type=\"text-editor.default\">\n\t\t\t\t<div class=\"elementor-widget-container\">\n\t\t\t\t\t\t\t\t\t<p>Bassiste, contrebassiste, n\u00e9 le 11 juillet 1958 \u00e0 Nice, Christian entre comme \u00e9l\u00e8ve au CNR de Nice en 1976. Il \u00e9tudie la contrebasse dans la classe de Mr Andr\u00e9 Marillier, et participe aux petites formations jazz et big band de Mr Andr\u00e9 Borly. Attir\u00e9 par la guitare basse, il prend des cours avec Michel Denis, bassiste de la r\u00e9gion Ni\u00e7oise.<\/p><p>En 1983, Richard Galliano, le contacte pour accompagner Claude Nougaro (tourn\u00e9e 83 \/84). A la m\u00eame p\u00e9riode, il rejoint le groupe Boto Novos Tempos en compagnie de Jos\u00e9 Boto, Richard Galliano et Daniel Goyone. Il accompagne les Etoiles, Chico Buarque, Paulinho Da Viola, Vinicius Cantu\u00e0ria dans le festival de musique br\u00e9silienne \u00e0 Paris.<\/p><p>Christian participe au Grand \u00e9chiquier avec Didier Lockwood, TootsTheilmans, Paco Seri, Francis Lockwood et Jean Michel Kajdan.<\/p><p>De retour \u00e0 Nice, Il forme le groupe SCAT en compagnie de Serge Munuera, Alain Ruart et Thierry Galliano. Ils accompagnent Filo Machado avec qui ils partent en tourn\u00e9e et enregistrent l\u2019album Cantendoum Samba.<\/p><p>De 1985 \u00e0 1995, il accompagne Virginia Vee en compagnie de Robert Persi, et en\u20281990, il part en tourn\u00e9e avec Marcia Maria en France et en Suisse, avec Jean-Yves Candela et Alain Asplanato.<\/p><p>1991, retour au CNRR de Nice pour y enseigner la basse au sein\u2028du d\u00e9partement de jazz.\u2028En 1996, il obtient le D.E de professeur de musique, option jazz.\u2028 Reconnu par la commission de reconnaissance de l\u2019exp\u00e9rience professionnelle en 2003, il est nomm\u00e9 P.T.E.A. (Professeur Territorial d\u2019Enseignement Artistique).<\/p><p>Depuis 2006, il partage la formation des bassistes pour le d\u00e9partement jazz et les musiques actuelles amplifi\u00e9es. Il joue avec le trio Robert Persi en compagnie de Jean-Paul Ceccarelli, tous deux enseignants au CNRR de Nice dans le d\u00e9partement jazz. Il collabore \u00e9galement au \u00ab\u00a0String Project\u00a0\u00bb de Jean-Yves Candela.<\/p><p>En 2008, il cr\u00e9e le <strong>N<\/strong>ice <strong>J<\/strong>azz <strong>O<\/strong>rchestra (NJO) en compagnie de Pierre Bertrand et Alain Asplanato. Il en est co-directeur et bassiste.<\/p><p>Actuellement, Christian Pachiaudi joue avec Herbillevans Trio, Nadiamori, Les Barons, le Funktet, Philippe Petit Trio, et Bernard Weidmann Quartet.<\/p>\t\t\t\t\t\t\t\t<\/div>\n\t\t\t\t<\/div>\n\t\t\t\t\t<\/div>\n\t\t<\/div>\n\t\t\t\t\t<\/div>\n\t\t<\/section>\n\t\t\t\t<\/div>\n\t\t","protected":false},"excerpt":{"rendered":"<p>Christian PACHIAUDI Direction artistique, contrebasse et guitare basse Bassiste, contrebassiste, n\u00e9 le 11 juillet 1958 \u00e0 Nice, Christian entre comme \u00e9l\u00e8ve au [&hellip;]<\/p>\n","protected":false},"author":2,"featured_media":0,"parent":0,"menu_order":0,"comment_status":"closed","ping_status":"closed","template":"elementor_header_footer","meta":{"footnotes":""},"class_list":["post-142","page","type-page","status-publish","hentry"],"_links":{"self":[{"href":"https:\/\/nicejazzorchestra.fr\/index.php?rest_route=\/wp\/v2\/pages\/142","targetHints":{"allow":["GET"]}}],"collection":[{"href":"https:\/\/nicejazzorchestra.fr\/index.php?rest_route=\/wp\/v2\/pages"}],"about":[{"href":"https:\/\/nicejazzorchestra.fr\/index.php?rest_route=\/wp\/v2\/types\/page"}],"author":[{"embeddable":true,"href":"https:\/\/nicejazzorchestra.fr\/index.php?rest_route=\/wp\/v2\/users\/2"}],"replies":[{"embeddable":true,"href":"https:\/\/nicejazzorchestra.fr\/index.php?rest_route=%2Fwp%2Fv2%2Fcomments&post=142"}],"version-history":[{"count":1,"href":"https:\/\/nicejazzorchestra.fr\/index.php?rest_route=\/wp\/v2\/pages\/142\/revisions"}],"predecessor-version":[{"id":6108,"href":"https:\/\/nicejazzorchestra.fr\/index.php?rest_route=\/wp\/v2\/pages\/142\/revisions\/6108"}],"wp:attachment":[{"href":"https:\/\/nicejazzorchestra.fr\/index.php?rest_route=%2Fwp%2Fv2%2Fmedia&parent=142"}],"curies":[{"name":"wp","href":"https:\/\/api.w.org\/{rel}","templated":true}]}}