{"id":139,"date":"2020-12-18T18:29:56","date_gmt":"2020-12-18T17:29:56","guid":{"rendered":"http:\/\/nicejazzorchestra.fr\/?page_id=139"},"modified":"2021-01-25T14:58:43","modified_gmt":"2021-01-25T13:58:43","slug":"pierre-bertrand","status":"publish","type":"page","link":"https:\/\/nicejazzorchestra.fr\/?page_id=139","title":{"rendered":"Pierre BERTRAND"},"content":{"rendered":"\t\t<div data-elementor-type=\"wp-page\" data-elementor-id=\"139\" class=\"elementor elementor-139\">\n\t\t\t\t\t\t<section class=\"elementor-section elementor-top-section elementor-element elementor-element-251ffe96 elementor-section-boxed elementor-section-height-default elementor-section-height-default\" data-id=\"251ffe96\" data-element_type=\"section\" data-e-type=\"section\">\n\t\t\t\t\t\t<div class=\"elementor-container elementor-column-gap-default\">\n\t\t\t\t\t<div class=\"elementor-column elementor-col-100 elementor-top-column elementor-element elementor-element-78b63bb5\" data-id=\"78b63bb5\" data-element_type=\"column\" data-e-type=\"column\">\n\t\t\t<div class=\"elementor-widget-wrap elementor-element-populated\">\n\t\t\t\t\t\t<div class=\"elementor-element elementor-element-60d8ddfe elementor-widget elementor-widget-heading\" data-id=\"60d8ddfe\" data-element_type=\"widget\" data-e-type=\"widget\" data-widget_type=\"heading.default\">\n\t\t\t\t<div class=\"elementor-widget-container\">\n\t\t\t\t\t<h5 class=\"elementor-heading-title elementor-size-default\">Pierre BERTRAND<\/h5>\t\t\t\t<\/div>\n\t\t\t\t<\/div>\n\t\t\t\t<div class=\"elementor-element elementor-element-672a2a30 elementor-widget elementor-widget-heading\" data-id=\"672a2a30\" data-element_type=\"widget\" data-e-type=\"widget\" data-widget_type=\"heading.default\">\n\t\t\t\t<div class=\"elementor-widget-container\">\n\t\t\t\t\t<h5 class=\"elementor-heading-title elementor-size-default\">Direction d\u2019orchestre, direction artistique, arrangements, saxophones<\/h5>\t\t\t\t<\/div>\n\t\t\t\t<\/div>\n\t\t\t\t\t<\/div>\n\t\t<\/div>\n\t\t\t\t\t<\/div>\n\t\t<\/section>\n\t\t\t\t<section class=\"elementor-section elementor-top-section elementor-element elementor-element-6b67574d elementor-section-boxed elementor-section-height-default elementor-section-height-default\" data-id=\"6b67574d\" data-element_type=\"section\" data-e-type=\"section\">\n\t\t\t\t\t\t<div class=\"elementor-container elementor-column-gap-default\">\n\t\t\t\t\t<div class=\"elementor-column elementor-col-100 elementor-top-column elementor-element elementor-element-23b7858e\" data-id=\"23b7858e\" data-element_type=\"column\" data-e-type=\"column\">\n\t\t\t<div class=\"elementor-widget-wrap elementor-element-populated\">\n\t\t\t\t\t\t<div class=\"elementor-element elementor-element-604ce750 elementor-widget elementor-widget-image\" data-id=\"604ce750\" data-element_type=\"widget\" data-e-type=\"widget\" data-widget_type=\"image.default\">\n\t\t\t\t<div class=\"elementor-widget-container\">\n\t\t\t\t\t\t\t\t\t\t\t\t\t\t\t<img fetchpriority=\"high\" decoding=\"async\" width=\"199\" height=\"300\" src=\"https:\/\/nicejazzorchestra.fr\/wp-content\/uploads\/2020\/12\/pierre-199x300.jpg\" class=\"attachment-medium size-medium wp-image-67\" alt=\"\" srcset=\"https:\/\/nicejazzorchestra.fr\/wp-content\/uploads\/2020\/12\/pierre-199x300.jpg 199w, https:\/\/nicejazzorchestra.fr\/wp-content\/uploads\/2020\/12\/pierre-230x347.jpg 230w, https:\/\/nicejazzorchestra.fr\/wp-content\/uploads\/2020\/12\/pierre-350x527.jpg 350w, https:\/\/nicejazzorchestra.fr\/wp-content\/uploads\/2020\/12\/pierre.jpg 365w\" sizes=\"(max-width: 199px) 100vw, 199px\" \/>\t\t\t\t\t\t\t\t\t\t\t\t\t\t\t<\/div>\n\t\t\t\t<\/div>\n\t\t\t\t\t<\/div>\n\t\t<\/div>\n\t\t\t\t\t<\/div>\n\t\t<\/section>\n\t\t\t\t<section class=\"elementor-section elementor-top-section elementor-element elementor-element-19fcaa19 elementor-section-boxed elementor-section-height-default elementor-section-height-default\" data-id=\"19fcaa19\" data-element_type=\"section\" data-e-type=\"section\">\n\t\t\t\t\t\t<div class=\"elementor-container elementor-column-gap-default\">\n\t\t\t\t\t<div class=\"elementor-column elementor-col-100 elementor-top-column elementor-element elementor-element-6d2bcc36\" data-id=\"6d2bcc36\" data-element_type=\"column\" data-e-type=\"column\">\n\t\t\t<div class=\"elementor-widget-wrap elementor-element-populated\">\n\t\t\t\t\t\t<div class=\"elementor-element elementor-element-2cce516b elementor-widget elementor-widget-text-editor\" data-id=\"2cce516b\" data-element_type=\"widget\" data-e-type=\"widget\" data-widget_type=\"text-editor.default\">\n\t\t\t\t<div class=\"elementor-widget-container\">\n\t\t\t\t\t\t\t\t\t<p>Saxophoniste, fl\u00fbtiste, professeur de renom, mais aussi compositeur, chef d\u2019orchestre, arrangeur, auteur de musiques de films, ou fondateur de Big Band : Pierre Bertrand d\u00e9roule un CV impressionnant et vous enveloppe \u00e0 chacune de ses apparitions sur sc\u00e8ne avec son jazz bariol\u00e9, ensorcelant, inattendu.<\/p><p>Dipl\u00f4m\u00e9 du CNR de Nice et du CNSM de Paris, Pierre Bertrand fonde le Paris Jazz Big Band en 1998 avec Nicolas Folmer et obtient avec cet orchestre une Victoire du Jazz et le Django d\u2019Or dans la cat\u00e9gorie \u00ab artiste confirm\u00e9 \u00bb. Dirigeant le Nice Jazz Orchestra, il a \u00e9galement \u00e9t\u00e9 chef d\u2019orchestre invit\u00e9 dans de nombreux pays (Mexique, Venezuela, Argentine, Danemark,\u2026) ainsi que pour de nombreuses \u00e9missions de t\u00e9l\u00e9vision.<\/p><p>Pierre Bertrand signe de nombreux arrangements orchestraux pour Andr\u00e9 Ceccarelli, Jean- Pierre Como, Diego Imbert mais aussi Claude Nougaro, Charles Aznavour, Michel Fugain, Pascal Obispo, Maurane\u2026<br \/>Pierre Bertrand est compositeur et auteur de nombreuses musiques de films et t\u00e9l\u00e9films depuis 2006 (Django par Etienne Caumar, La Grande Vie par Emmanuel Salinger, t\u00e9l\u00e9films de Jacques Fansten, Philippe Le Guay, Sylvain Monod\u2026).<\/p><p>En 2010, il enregistre son premier album en soliste, \u00ab Caja Negra \u00bb, entour\u00e9 de musiciens de jazz et de flamenco. Caja Negra devient le nom de son groupe principal, v\u00e9ritable \u00ab boite noire \u00bb d\u2019un avion imaginaire qui enregistre tout et propose une d\u00e9ambulation musicale entre M\u00e9diterran\u00e9e, Afrique et Am\u00e9rique latine. D\u00e9collage, atterrissage, arabesques abstraites, carnet de voyage et tourbillon d\u2019images, la magie de Pierre Bertrand f\u00eate les diff\u00e9rences et leurs rencontres.<\/p><p>Son second opus, \u00ab JOY \u00bb (Cristal Records \u2013 Sony Music), obtient en 2017 la Victoire du Jazz<\/p><p>dans la cat\u00e9gorie \u00ab album inclassable de l\u2019ann\u00e9e \u00bb. Au fil d\u2019une quinzaine de concerts en 2017, le groupe a pu se produire devant des salles toujours pleines \u00e0 craquer. Pierre Bertrand &amp; Caja Negra arrivent \u00e0 la pleine maturit\u00e9, gonfl\u00e9s \u00e0 bloc d\u2019une \u00e9nergie pr\u00eate \u00e0 exploser.<\/p><p>Un troisi\u00e8me album autour de l\u2019\u0153uvre de Duke Ellington vient de sortir en novembre 2018\u2026<\/p>\t\t\t\t\t\t\t\t<\/div>\n\t\t\t\t<\/div>\n\t\t\t\t\t<\/div>\n\t\t<\/div>\n\t\t\t\t\t<\/div>\n\t\t<\/section>\n\t\t\t\t<\/div>\n\t\t","protected":false},"excerpt":{"rendered":"<p>Pierre BERTRAND Direction d\u2019orchestre, direction artistique, arrangements, saxophones Saxophoniste, fl\u00fbtiste, professeur de renom, mais aussi compositeur, chef d\u2019orchestre, arrangeur, auteur de musiques [&hellip;]<\/p>\n","protected":false},"author":2,"featured_media":0,"parent":0,"menu_order":0,"comment_status":"closed","ping_status":"closed","template":"elementor_header_footer","meta":{"footnotes":""},"class_list":["post-139","page","type-page","status-publish","hentry"],"_links":{"self":[{"href":"https:\/\/nicejazzorchestra.fr\/index.php?rest_route=\/wp\/v2\/pages\/139","targetHints":{"allow":["GET"]}}],"collection":[{"href":"https:\/\/nicejazzorchestra.fr\/index.php?rest_route=\/wp\/v2\/pages"}],"about":[{"href":"https:\/\/nicejazzorchestra.fr\/index.php?rest_route=\/wp\/v2\/types\/page"}],"author":[{"embeddable":true,"href":"https:\/\/nicejazzorchestra.fr\/index.php?rest_route=\/wp\/v2\/users\/2"}],"replies":[{"embeddable":true,"href":"https:\/\/nicejazzorchestra.fr\/index.php?rest_route=%2Fwp%2Fv2%2Fcomments&post=139"}],"version-history":[{"count":1,"href":"https:\/\/nicejazzorchestra.fr\/index.php?rest_route=\/wp\/v2\/pages\/139\/revisions"}],"predecessor-version":[{"id":6110,"href":"https:\/\/nicejazzorchestra.fr\/index.php?rest_route=\/wp\/v2\/pages\/139\/revisions\/6110"}],"wp:attachment":[{"href":"https:\/\/nicejazzorchestra.fr\/index.php?rest_route=%2Fwp%2Fv2%2Fmedia&parent=139"}],"curies":[{"name":"wp","href":"https:\/\/api.w.org\/{rel}","templated":true}]}}